{"id":291,"date":"2025-02-21T12:28:04","date_gmt":"2025-02-21T11:28:04","guid":{"rendered":"https:\/\/www.apartmani-daska.com\/?page_id=291"},"modified":"2025-02-28T18:31:18","modified_gmt":"2025-02-28T17:31:18","slug":"politika-privatnosti","status":"publish","type":"page","link":"https:\/\/www.apartmani-daska.com\/en\/politika-privatnosti\/","title":{"rendered":"Politika Privatnosti"},"content":{"rendered":"<section class=\"bde-section-291-100 bde-section\">\n  \n  \n\t\n\n\n\n<div class=\"section-container\"><div class=\"bde-div-291-103 bde-div\">\n              \n  \n  \n\t\n\n  <div class=\"section-background-overlay\"><\/div>\n\n\n<h2 class=\"bde-heading-291-104 bde-heading\">\nPrivacy policy\n<\/h2><div class=\"bde-fancy-divider-291-105 bde-fancy-divider\">\n\n\n<div class=\"bde-fancy-divider__wrapper\">\n  <div class=\"bde-fancy-divider__separator\">\n  \t  <\/div>\n<\/div>\n\n<\/div>\n<\/div><div class=\"bde-div-291-101 bde-div\">\n  \n  \n\t\n\n\n\n<div class=\"bde-rich-text-291-102 bde-rich-text breakdance-rich-text-styles\">\n<p>Privacy Policy for Guests of Apartments Da\u0161ka (effective from May 23, 2018)<\/p>\n<p>Web stranica www.apartmani-daska.com je u vlasni\u0161tvu Apartmana Da\u0161ka koja je anga\u017eirala tvrtku MILD Art. da u njihovo ime vodi i odr\u017eava stranicu, izmjenjuje sadr\u017eaj i podatke, na temelju informacija koje navedena tvrtka dobije od vlasnika stranice. Mild art ne mo\u017ee, ne smije i ne unosi informacije samostalno (na svoju ruku) bez predhodnog odobrenja od navedenih saveza.<\/p>\n<p>Osoba zadu\u017eena za za\u0161titu Va\u0161ih osobnih podataka je Karlo Peji\u0107, email: <a href=\"mailto:daskaapartmani@gmail.com\">daskaapartmani@gmail.com<\/a><\/p>\n<p><strong>Data Collection<\/strong><\/p>\n<p>Personal data refers to any information relating to an individual whose identity is known or can be determined. An individual whose identity can be determined is a person who can be identified directly or indirectly, particularly through identifiers such as name, identification number, location data, online identifier, or one or more factors specific to the physical, physiological, genetic, mental, economic, cultural, or social identity of that individual.<\/p>\n<p>We collect your personal data only when you voluntarily provide such information, such as for publishing news about tournaments, matches, etc.<\/p>\n<p>Please note that non-personal information and data may be automatically collected through our internet servers or by using \"cookies.\"<\/p>\n<p>Examples of information about your use of the website include: the most visited and viewed pages and links on our website, the number of forms filled out, time spent on the site, the most popular keywords leading users to our site, your IP address, information collected through cookies, device data such as hardware settings, system activities, browser types, etc.<\/p>\n<p><strong>Data Processing<\/strong><\/p>\n<p>We use the data obtained about you for the following purposes:<\/p>\n<p>- To improve our website;<\/p>\n<p>- To establish a primary communication channel with you.<\/p>\n<p><strong>Third-Party Links<\/strong><\/p>\n<p>The Apartments Da\u0161ka website includes links to third-party websites. Apartments Da\u0161ka does not manage third-party websites nor has any control over them and is not responsible for any content or data you enter on those sites. Please note that third-party websites may request data that is not in line with the Apartments Da\u0161ka Privacy Policy, so we recommend that you read their privacy policies before providing any data.<\/p>\n<p><strong>Data Protection<\/strong><\/p>\n<p>Apartments Da\u0161ka is committed to not selling, renting, or sharing your data with third parties without your consent, except in the case of official requests from Croatian state institutions, where access to logs (LOG) and databases may also be requested.<\/p>\n<p><strong>Confidentiality Statement<\/strong><\/p>\n<p>By this statement, Apartments Da\u0161ka commits to maintaining the confidentiality of all personal data it has the right and authority to access, in accordance with Article 18, Paragraph 2 of the Personal Data Protection Act (Official Gazette, No. 106\/12 \u2013 consolidated text). The company will use such personal data exclusively for the specified (prescribed) purpose.<\/p>\n<p>Apartments Da\u0161ka is committed to not disclosing or making available personal data to unauthorized third parties, except in the aforementioned situations where such data is crucial for providing the service. The company also commits to maintaining the confidentiality of such personal data even after the termination of access rights.<\/p>\n<p><strong>Data Storage and Retention<\/strong><\/p>\n<p>All data is stored locally in our databases on our computer. We will not transfer or store data outside the European Union.<\/p>\n<p>We retain and protect your personal data for the duration of your business relationship with us.<\/p>\n<p><strong>Individual Rights<\/strong><\/p>\n<p>Ako \u017eelite znati posjedujemo li i obra\u0111ujemo Va\u0161e osobne podatke, ili ako \u017eelite pristupiti osobnim podacima koje imamo o vama, molimo Vas da nas kontaktirate na <a href=\"mailto:daskaapartmani@gmail.com\">daskaapartmani@gmail.com<\/a><\/p>\n<p>Ako nam podnesete zahtjev za slanje Va\u0161ih osobnih podataka na <a href=\"mailto:daskaapartmani@gmail.com\">daskaapartmani@gmail.com<\/a>, udovoljit \u0107emo tom zahtjevu besplatno. Ako ne mo\u017eemo udovoljiti Va\u0161em zahtjevu u razumnom roku, obavijestit \u0107emo Vas o datumu kada \u0107emo udovoljiti zahtjevu. Ako iz nekog razlog na mo\u017eemo ispuniti Va\u0161 zahtjev, poslat \u0107emo Vam obja\u0161njenje o tome za\u0161to nismo udovoljili Va\u0161em zahtjevu.<\/p>\n<p><strong>Notification of Personal Data Breaches<\/strong><\/p>\n<p>In the event of a personal data breach, we will notify you and the relevant supervisory authority via email within 72 hours of the breach's scope, the data involved, the potential impact on our services, and our planned measures to secure the data and limit any harmful effects on individuals.<\/p>\n<p>We will not send you a breach notification if:<\/p>\n<p>- Technical and organizational protection measures (such as encryption) have been applied to the affected personal data, making it unintelligible to unauthorized persons;<br \/>- We have taken subsequent measures to ensure that the high risk to individuals' rights and freedoms is no longer likely;<br \/>- It would require disproportionate effort (in which case we will inform you through public communication or similarly effective measures).<\/p>\n<p>A personal data breach means a security breach leading to the accidental or unlawful destruction, loss, alteration, unauthorized disclosure, or access to personal data transmitted, stored, or processed in connection with our services.<\/p>\n<p><strong>Your Consent<\/strong><\/p>\n<p>By using this website, you consent to this privacy policy.<\/p>\n<p><strong>Changes to Our Privacy Policy<\/strong><\/p>\n<p>In the event of changes to our privacy policy, we will notify you on this page and update the \"Last Updated\" date below.<\/p>\n<p>Ova politika privatnosti je zadnji put izmijenjena 28. 02. 2025. godine.<\/p>\n<p><strong>Right to Complain to the Supervisory Authority<\/strong><\/p>\n<p>At any time, you may file a complaint with the supervisory authority regarding our collection and processing of your personal data. In the Republic of Croatia, complaints can be submitted to the Personal Data Protection Agency (AZOP).<\/p>\n<p><strong>Cookies<\/strong><\/p>\n<p>We use cookies and similar technologies for:<\/p>\n<ul>\n<li>\n<p>Improving your browsing experience.<\/p>\n<\/li>\n<li>\n<p>Analyzing website traffic and user behavior.<\/p>\n<\/li>\n<li>\n<p>Remembering your settings and preferences.<\/p>\n<\/li>\n<\/ul>\n<p>You can disable cookies in your browser settings, but this may affect the functionality of our website.\u00a0<\/p>\n<p>Za vi\u0161e informacija o kola\u010di\u0107ima posjetite link <a href=\"https:\/\/www.apartmani-daska.com\/en\/politika-kolacica-eu\/\">Cookie Policy<\/a><\/p>\n<\/div>\n<\/div><div class=\"bde-back-to-top-291-107 bde-back-to-top bde-back-to-top--progress is-sticky\">\n\n\n<button aria-label=\"Back to top\" tabindex=\"0\" class=\"bde-back-to-top__button bde-back-to-top__button--progress bde-back-to-top__button--show-always bde-back-to-top__button--animation-fade is-sticky  js-ee-back-to-top\">\n    \t<svg class=\"bde-back-to-top__progress-svg js-progress-svg\" width=\"100%\" height=\"100%\" viewbox=\"-1 -1 102 102\">\n\t  <path class=\"background\" d=\"M50,1 a49,49 0 0,1 0,98 a49,49 0 0,1 0,-98\"\/>\n      <path class=\"tracker\" d=\"M50,1 a49,49 0 0,1 0,98 a49,49 0 0,1 0,-98\"\/>\n  \t<\/svg>\n         <div class=\"bde-back-to-top__icon-wrap\">\n              <svg xmlns=\"http:\/\/www.w3.org\/2000\/svg\" viewbox=\"0 0 384 512\"><!--! Font Awesome Pro 6.2.0 by @fontawesome - https:\/\/fontawesome.com License - https:\/\/fontawesome.com\/license (Commercial License) Copyright 2022 Fonticons, Inc. --><path d=\"M214.6 57.4L192 34.7 169.4 57.4l-144 144L2.7 224 48 269.2l22.6-22.6L160 157.2V448v32h64V448 157.2l89.4 89.4L336 269.2 381.3 224l-22.6-22.6-144-144z\"\/><\/svg>\n          <\/div>\n    <\/button>\n\n\n<\/div><\/div>\n<\/section>","protected":false},"excerpt":{"rendered":"<p>Politika za\u0161tite privatnosti &#8230; korisnika Apartmana Da\u0161ka (u primjeni od 23.05.2018.) Web stranica www.apartmani-daska.com je u vlasni\u0161tvu Apartmana Da\u0161ka koja je anga\u017eirala tvrtku MILD Art. da u njihovo ime vodi i odr\u017eava stranicu, izmjenjuje sadr\u017eaj i podatke, na temelju informacija koje navedena tvrtka dobije od vlasnika stranice. Mild art ne mo\u017ee, ne smije i ne [&hellip;]<\/p>\n","protected":false},"author":1,"featured_media":0,"parent":0,"menu_order":0,"comment_status":"closed","ping_status":"closed","template":"","meta":{"_breakdance_hide_in_design_set":false,"_breakdance_tags":"","footnotes":""},"class_list":["post-291","page","type-page","status-publish","hentry"],"_links":{"self":[{"href":"https:\/\/www.apartmani-daska.com\/en\/wp-json\/wp\/v2\/pages\/291","targetHints":{"allow":["GET"]}}],"collection":[{"href":"https:\/\/www.apartmani-daska.com\/en\/wp-json\/wp\/v2\/pages"}],"about":[{"href":"https:\/\/www.apartmani-daska.com\/en\/wp-json\/wp\/v2\/types\/page"}],"author":[{"embeddable":true,"href":"https:\/\/www.apartmani-daska.com\/en\/wp-json\/wp\/v2\/users\/1"}],"replies":[{"embeddable":true,"href":"https:\/\/www.apartmani-daska.com\/en\/wp-json\/wp\/v2\/comments?post=291"}],"version-history":[{"count":14,"href":"https:\/\/www.apartmani-daska.com\/en\/wp-json\/wp\/v2\/pages\/291\/revisions"}],"predecessor-version":[{"id":403,"href":"https:\/\/www.apartmani-daska.com\/en\/wp-json\/wp\/v2\/pages\/291\/revisions\/403"}],"wp:attachment":[{"href":"https:\/\/www.apartmani-daska.com\/en\/wp-json\/wp\/v2\/media?parent=291"}],"curies":[{"name":"wp","href":"https:\/\/api.w.org\/{rel}","templated":true}]}}